{"id":47,"date":"2024-03-25T15:27:46","date_gmt":"2024-03-25T14:27:46","guid":{"rendered":"https:\/\/rm-runderneuert.de\/?page_id=47"},"modified":"2025-11-24T17:08:42","modified_gmt":"2025-11-24T16:08:42","slug":"impressum","status":"publish","type":"page","link":"https:\/\/rm-runderneuert.de\/pl\/impressum\/","title":{"rendered":"Nadruk"},"content":{"rendered":"<div data-elementor-type=\"wp-page\" data-elementor-id=\"47\" class=\"elementor elementor-47\" data-elementor-post-type=\"page\">\n\t\t\t\t<div class=\"elementor-element elementor-element-205e555 e-con-full e-flex e-con e-parent\" data-id=\"205e555\" data-element_type=\"container\" data-e-type=\"container\">\n\t\t\t\t<div class=\"elementor-element elementor-element-075331a elementor-widget elementor-widget-template\" data-id=\"075331a\" data-element_type=\"widget\" data-e-type=\"widget\" data-widget_type=\"template.default\">\n\t\t\t\t<div class=\"elementor-widget-container\">\n\t\t\t\t\t\t\t<div class=\"elementor-template\">\n\t\t\t\t\t<div data-elementor-type=\"container\" data-elementor-id=\"408\" class=\"elementor elementor-408\" data-elementor-post-type=\"elementor_library\">\n\t\t\t\t<div class=\"elementor-element elementor-element-226d66f3 tabledisplay e-flex e-con-boxed e-con e-parent\" data-id=\"226d66f3\" data-element_type=\"container\" data-e-type=\"container\" data-settings=\"{&quot;background_background&quot;:&quot;classic&quot;}\">\n\t\t\t\t\t<div class=\"e-con-inner\">\n\t\t\t\t<div class=\"elementor-element elementor-element-75be6d23 elementor-widget__width-auto rankmath_breadcrumb elementor-widget elementor-widget-shortcode\" data-id=\"75be6d23\" data-element_type=\"widget\" data-e-type=\"widget\" data-widget_type=\"shortcode.default\">\n\t\t\t\t<div class=\"elementor-widget-container\">\n\t\t\t\t\t\t\t<div class=\"elementor-shortcode\"><nav aria-label=\"bu\u0142ka tarta\" class=\"rank-math-breadcrumb\"><p><span class=\"last\">Strona g\u0142\u00f3wna<\/span><\/p><\/nav><\/div>\n\t\t\t\t\t\t<\/div>\n\t\t\t\t<\/div>\n\t\t\t\t<div class=\"elementor-element elementor-element-39f4a196 elementor-widget elementor-widget-heading\" data-id=\"39f4a196\" data-element_type=\"widget\" data-e-type=\"widget\" data-settings=\"{&quot;ep_threed_text_active&quot;:&quot;yes&quot;,&quot;ep_threed_text_layers&quot;:5,&quot;ep_threed_text_perspective&quot;:{&quot;unit&quot;:&quot;px&quot;,&quot;size&quot;:850,&quot;sizes&quot;:[]},&quot;ep_threed_text_event&quot;:&quot;pointer&quot;,&quot;ep_threed_text_event_rotation&quot;:{&quot;unit&quot;:&quot;px&quot;,&quot;size&quot;:15,&quot;sizes&quot;:[]},&quot;ep_threed_text_depth&quot;:{&quot;unit&quot;:&quot;px&quot;,&quot;size&quot;:30,&quot;sizes&quot;:[]},&quot;ep_threed_text_fade&quot;:&quot;yes&quot;,&quot;ep_threed_text_event_direction&quot;:&quot;default&quot;}\" data-widget_type=\"heading.default\">\n\t\t\t\t<div class=\"elementor-widget-container\">\n\t\t\t\t\t<h1 class=\"elementor-heading-title elementor-size-default\">Nadruk<\/h1>\t\t\t\t<\/div>\n\t\t\t\t<\/div>\n\t\t\t\t\t<\/div>\n\t\t\t\t<\/div>\n\t\t\t\t<\/div>\n\t\t\t\t<\/div>\n\t\t\t\t\t\t<\/div>\n\t\t\t\t<\/div>\n\t\t\t\t<\/div>\n\t\t<div class=\"elementor-element elementor-element-112db60c e-flex e-con-boxed e-con e-parent\" data-id=\"112db60c\" data-element_type=\"container\" data-e-type=\"container\">\n\t\t\t\t\t<div class=\"e-con-inner\">\n\t\t\t\t<div class=\"elementor-element elementor-element-11af914c elementor-widget elementor-widget-text-editor\" data-id=\"11af914c\" data-element_type=\"widget\" data-e-type=\"widget\" data-widget_type=\"text-editor.default\">\n\t\t\t\t<div class=\"elementor-widget-container\">\n\t\t\t\t\t\t\t\t\t<p>Reifen M\u00fcller GmbH &amp; Co. zak\u0142ad bie\u017cnikowania KG<br \/>Frankenstrasse 1<br \/>97762 Hammelburg-Westheim<\/p><p>Rejestr handlowy: HRA 8260<br \/>S\u0105d rejestrowy: S\u0105d lokalny Schweinfurt<\/p><p><strong>Reprezentowany przez:<\/strong><br \/>RU Verwaltungs GmbH<br \/>Siemensstrasse 14<br \/>D-63263 Neu-Isenburg<\/p><p>Jest to reprezentowane przez:<br \/>Jongho Park, Norbert Sauernheimer<\/p><p>Rejestr handlowy: HRB 51671<br \/>S\u0105d rejestrowy: s\u0105d rejonowy w Offenbach nad Menem<\/p><h2>Skontaktuj si\u0119 z nami<\/h2><p>Telefon: +49 (0)9732\/788666-0<br \/>Faks: +49 (0)9732\/788666-19<br \/>E-mail: runderneuerung@reifen-mueller.com<\/p><h2>Identyfikator podatkowy sprzeda\u017cy<\/h2><p>Numer identyfikacji podatkowej zgodnie z \u00a7 27 ustawy o podatku od sprzeda\u017cy:<br \/>PL 234468498<\/p><h2>Odpowiedzialno\u015b\u0107 redakcyjna<\/h2><p>Sang Hoon Lee<br \/>Norbert Sauernheimer<br \/>Siemensstrasse 14<br \/>D-63263 Neu-Isenburg<\/p><p>Telefon: +49 (0) 6102 \/ 4318000<br \/>E-mail: info@hankookreifen.de<\/p><h2>Rozstrzyganie spor\u00f3w konsumenckich\/uniwersalne centrum arbitra\u017cowe<\/h2><p>Nie jeste\u015bmy sk\u0142onni ani zobowi\u0105zani do udzia\u0142u w post\u0119powaniu rozstrzygaj\u0105cym spory przed komisj\u0105 arbitra\u017cow\u0105 ds. konsument\u00f3w.<\/p>\t\t\t\t\t\t\t\t<\/div>\n\t\t\t\t<\/div>\n\t\t\t\t<div class=\"elementor-element elementor-element-376612f elementor-widget elementor-widget-text-editor\" data-id=\"376612f\" data-element_type=\"widget\" data-e-type=\"widget\" data-widget_type=\"text-editor.default\">\n\t\t\t\t<div class=\"elementor-widget-container\">\n\t\t\t\t\t\t\t\t\t<h2>Prawa autorskie i kredyty do zdj\u0119\u0107<\/h2><p>O ile nie zaznaczono inaczej, zawarto\u015b\u0107 jest chroniona prawem autorskim.<br \/>Wykorzystane fotografie s\u0105 opatrzone napisami w stosownych przypadkach lub wymienione poni\u017cej, chyba \u017ce zosta\u0142y wykonane przez nas.<br \/>Wykorzystanie zdj\u0119\u0107 na stronach os\u00f3b trzecich jest mo\u017cliwe wy\u0142\u0105cznie w ramach odpowiedniej licencji autora.<\/p><h3>\u0179r\u00f3d\u0142o zdj\u0119\u0107:<\/h3><p>Adobe Stock<br \/>Pracownik magazynu \u00a9 Kaarsten | fotolia.com<br \/>Ci\u0119\u017car\u00f3wka 9 \u00a9 Thaut Images | fotolia.com<br \/>Sie\u0107 rozszczepie\u0144 na przedniej szybie triplexu \u00a9 Andrey Semenov | fotolia.com<br \/>naprawa samochod\u00f3w - 05 \u00a9 Sudheer Sakthan | fotolia.com<\/p><p>Wszystkie pozosta\u0142e zdj\u0119cia pochodz\u0105 z zasob\u00f3w Reifen M\u00fcller GmbH &amp; Co. KG i Reifen M\u00fcller GmbH &amp; Co. Runderneuerungswerk KG lub zosta\u0142y uprzejmie dostarczone przez producent\u00f3w.<\/p><h2>Realizacja techniczna<\/h2><p><a href=\"https:\/\/c-g-w.net\/\" target=\"_blank\" rel=\"noopener\">CGW GmbH - Pe\u0142en zakres us\u0142ug komunikacyjnych<\/a><br \/>Karl-Arnold Street 8<br \/>47877 Willich<br \/>Niemcy<\/p>\t\t\t\t\t\t\t\t<\/div>\n\t\t\t\t<\/div>\n\t\t\t\t\t<\/div>\n\t\t\t\t<\/div>\n\t\t\t\t<\/div>","protected":false},"excerpt":{"rendered":"<p>Reifen M\u00fcller GmbH &amp; Co. Runderneuerungswerk KGFrankenstra\u00dfe 197762 Hammelburg-Westheim Handelsregister: HRA 8260Registergericht: Amtsgericht Schweinfurt Vertreten durch:RU Verwaltungs GmbHSiemensstra\u00dfe 14D-63263 Neu-Isenburg Diese vertreten durch:Jongho Park, Norbert Sauernheimer Handelsregister: HRB 51671Registergericht: Amtsgericht Offenbach am Main Kontakt Telefon: +49 (0)9732\/788666-0Telefax: +49 (0)9732\/788666-19E-Mail: runderneuerung@reifen-mueller.com Umsatzsteuer-ID Umsatzsteuer-Identifikationsnummer gem\u00e4\u00df \u00a7 27 a Umsatzsteuergesetz:DE 234468498 Redaktionell verantwortlich Sang Hoon LeeNorbert SauernheimerSiemensstra\u00dfe 14D-63263 [&hellip;]<\/p>\n","protected":false},"author":1,"featured_media":0,"parent":0,"menu_order":0,"comment_status":"closed","ping_status":"closed","template":"elementor_header_footer","meta":{"footnotes":""},"class_list":["post-47","page","type-page","status-publish","hentry"],"_links":{"self":[{"href":"https:\/\/rm-runderneuert.de\/pl\/wp-json\/wp\/v2\/pages\/47","targetHints":{"allow":["GET"]}}],"collection":[{"href":"https:\/\/rm-runderneuert.de\/pl\/wp-json\/wp\/v2\/pages"}],"about":[{"href":"https:\/\/rm-runderneuert.de\/pl\/wp-json\/wp\/v2\/types\/page"}],"author":[{"embeddable":true,"href":"https:\/\/rm-runderneuert.de\/pl\/wp-json\/wp\/v2\/users\/1"}],"replies":[{"embeddable":true,"href":"https:\/\/rm-runderneuert.de\/pl\/wp-json\/wp\/v2\/comments?post=47"}],"version-history":[{"count":69,"href":"https:\/\/rm-runderneuert.de\/pl\/wp-json\/wp\/v2\/pages\/47\/revisions"}],"predecessor-version":[{"id":2842,"href":"https:\/\/rm-runderneuert.de\/pl\/wp-json\/wp\/v2\/pages\/47\/revisions\/2842"}],"wp:attachment":[{"href":"https:\/\/rm-runderneuert.de\/pl\/wp-json\/wp\/v2\/media?parent=47"}],"curies":[{"name":"wp","href":"https:\/\/api.w.org\/{rel}","templated":true}]}}