{"id":41,"date":"2024-03-25T15:27:13","date_gmt":"2024-03-25T14:27:13","guid":{"rendered":"https:\/\/rm-runderneuert.de\/?page_id=41"},"modified":"2024-06-18T07:39:54","modified_gmt":"2024-06-18T05:39:54","slug":"reifenreparaturen","status":"publish","type":"page","link":"https:\/\/rm-runderneuert.de\/pl\/reifenreparaturen\/","title":{"rendered":"Naprawa opon"},"content":{"rendered":"<div data-elementor-type=\"wp-page\" data-elementor-id=\"41\" class=\"elementor elementor-41\" data-elementor-post-type=\"page\">\n\t\t\t\t<div class=\"elementor-element elementor-element-f00e4f9 e-con-full e-flex e-con e-parent\" data-id=\"f00e4f9\" data-element_type=\"container\" data-e-type=\"container\">\n\t\t\t\t<div class=\"elementor-element elementor-element-c1eab8d elementor-widget elementor-widget-template\" data-id=\"c1eab8d\" data-element_type=\"widget\" data-e-type=\"widget\" data-widget_type=\"template.default\">\n\t\t\t\t<div class=\"elementor-widget-container\">\n\t\t\t\t\t\t\t<div class=\"elementor-template\">\n\t\t\t\t\t<div data-elementor-type=\"container\" data-elementor-id=\"408\" class=\"elementor elementor-408\" data-elementor-post-type=\"elementor_library\">\n\t\t\t\t<div class=\"elementor-element elementor-element-226d66f3 tabledisplay e-flex e-con-boxed e-con e-parent\" data-id=\"226d66f3\" data-element_type=\"container\" data-e-type=\"container\" data-settings=\"{&quot;background_background&quot;:&quot;classic&quot;}\">\n\t\t\t\t\t<div class=\"e-con-inner\">\n\t\t\t\t<div class=\"elementor-element elementor-element-75be6d23 elementor-widget__width-auto rankmath_breadcrumb elementor-widget elementor-widget-shortcode\" data-id=\"75be6d23\" data-element_type=\"widget\" data-e-type=\"widget\" data-widget_type=\"shortcode.default\">\n\t\t\t\t<div class=\"elementor-widget-container\">\n\t\t\t\t\t\t\t<div class=\"elementor-shortcode\"><nav aria-label=\"bu\u0142ka tarta\" class=\"rank-math-breadcrumb\"><p><span class=\"last\">Strona g\u0142\u00f3wna<\/span><\/p><\/nav><\/div>\n\t\t\t\t\t\t<\/div>\n\t\t\t\t<\/div>\n\t\t\t\t<div class=\"elementor-element elementor-element-39f4a196 elementor-widget elementor-widget-heading\" data-id=\"39f4a196\" data-element_type=\"widget\" data-e-type=\"widget\" data-settings=\"{&quot;ep_threed_text_active&quot;:&quot;yes&quot;,&quot;ep_threed_text_layers&quot;:5,&quot;ep_threed_text_perspective&quot;:{&quot;unit&quot;:&quot;px&quot;,&quot;size&quot;:850,&quot;sizes&quot;:[]},&quot;ep_threed_text_event&quot;:&quot;pointer&quot;,&quot;ep_threed_text_event_rotation&quot;:{&quot;unit&quot;:&quot;px&quot;,&quot;size&quot;:15,&quot;sizes&quot;:[]},&quot;ep_threed_text_depth&quot;:{&quot;unit&quot;:&quot;px&quot;,&quot;size&quot;:30,&quot;sizes&quot;:[]},&quot;ep_threed_text_fade&quot;:&quot;yes&quot;,&quot;ep_threed_text_event_direction&quot;:&quot;default&quot;}\" data-widget_type=\"heading.default\">\n\t\t\t\t<div class=\"elementor-widget-container\">\n\t\t\t\t\t<h1 class=\"elementor-heading-title elementor-size-default\">Naprawa opon<\/h1>\t\t\t\t<\/div>\n\t\t\t\t<\/div>\n\t\t\t\t\t<\/div>\n\t\t\t\t<\/div>\n\t\t\t\t<\/div>\n\t\t\t\t<\/div>\n\t\t\t\t\t\t<\/div>\n\t\t\t\t<\/div>\n\t\t\t\t<\/div>\n\t\t<div class=\"elementor-element elementor-element-68ca986 e-flex e-con-boxed e-con e-parent\" data-id=\"68ca986\" data-element_type=\"container\" data-e-type=\"container\" data-settings=\"{&quot;background_background&quot;:&quot;classic&quot;}\">\n\t\t\t\t\t<div class=\"e-con-inner\">\n\t\t\t\t<div class=\"elementor-element elementor-element-4f16f97 elementor-widget elementor-widget-heading\" data-id=\"4f16f97\" data-element_type=\"widget\" data-e-type=\"widget\" data-widget_type=\"heading.default\">\n\t\t\t\t<div class=\"elementor-widget-container\">\n\t\t\t\t\t<h2 class=\"elementor-heading-title elementor-size-default\">Zr\u00f3wnowa\u017cone i op\u0142acalne: Dlaczego naprawa opon jest lepsza ni\u017c ich wymiana?<\/h2>\t\t\t\t<\/div>\n\t\t\t\t<\/div>\n\t\t\t\t<div class=\"elementor-element elementor-element-4a8061e elementor-widget__width-initial e-transform e-transform elementor-widget elementor-widget-image\" data-id=\"4a8061e\" data-element_type=\"widget\" data-e-type=\"widget\" data-settings=\"{&quot;_transform_rotateZ_effect_hover&quot;:{&quot;unit&quot;:&quot;px&quot;,&quot;size&quot;:-2,&quot;sizes&quot;:[]},&quot;_transform_scale_effect_hover&quot;:{&quot;unit&quot;:&quot;px&quot;,&quot;size&quot;:1.0300000000000000266453525910037569701671600341796875,&quot;sizes&quot;:[]},&quot;_transform_rotateZ_effect_hover_tablet&quot;:{&quot;unit&quot;:&quot;deg&quot;,&quot;size&quot;:&quot;&quot;,&quot;sizes&quot;:[]},&quot;_transform_rotateZ_effect_hover_mobile&quot;:{&quot;unit&quot;:&quot;deg&quot;,&quot;size&quot;:&quot;&quot;,&quot;sizes&quot;:[]},&quot;_transform_scale_effect_hover_tablet&quot;:{&quot;unit&quot;:&quot;px&quot;,&quot;size&quot;:&quot;&quot;,&quot;sizes&quot;:[]},&quot;_transform_scale_effect_hover_mobile&quot;:{&quot;unit&quot;:&quot;px&quot;,&quot;size&quot;:&quot;&quot;,&quot;sizes&quot;:[]}}\" data-widget_type=\"image.default\">\n\t\t\t\t<div class=\"elementor-widget-container\">\n\t\t\t\t\t\t\t\t\t\t\t\t\t\t\t\t<a href=\"https:\/\/rm-runderneuert.de\/wp-content\/uploads\/rep_04.jpg\" data-elementor-open-lightbox=\"yes\" data-elementor-lightbox-title=\"rep_04\" data-e-action-hash=\"#elementor-action%3Aaction%3Dlightbox%26settings%3DeyJpZCI6MjMyLCJ1cmwiOiJodHRwczpcL1wvcm0tcnVuZGVybmV1ZXJ0LmRlXC93cC1jb250ZW50XC91cGxvYWRzXC9yZXBfMDQuanBnIn0%3D\">\n\t\t\t\t\t\t\t<img fetchpriority=\"high\" decoding=\"async\" width=\"778\" height=\"518\" src=\"https:\/\/rm-runderneuert.de\/wp-content\/uploads\/rep_04.jpg\" class=\"attachment-large size-large wp-image-232\" alt=\"\" srcset=\"https:\/\/rm-runderneuert.de\/wp-content\/uploads\/rep_04.jpg 778w, https:\/\/rm-runderneuert.de\/wp-content\/uploads\/rep_04-500x333.jpg 500w, https:\/\/rm-runderneuert.de\/wp-content\/uploads\/rep_04-150x100.jpg 150w, https:\/\/rm-runderneuert.de\/wp-content\/uploads\/rep_04-768x511.jpg 768w\" sizes=\"(max-width: 778px) 100vw, 778px\" \/>\t\t\t\t\t\t\t\t<\/a>\n\t\t\t\t\t\t\t\t\t\t\t\t\t\t\t<\/div>\n\t\t\t\t<\/div>\n\t\t\t\t<div class=\"elementor-element elementor-element-4094c0c elementor-widget__width-initial elementor-widget elementor-widget-text-editor\" data-id=\"4094c0c\" data-element_type=\"widget\" data-e-type=\"widget\" data-widget_type=\"text-editor.default\">\n\t\t\t\t<div class=\"elementor-widget-container\">\n\t\t\t\t\t\t\t\t\t<p>To, co zawsze uwa\u017cali\u015bmy za oczywiste, na szcz\u0119\u015bcie powoli staje si\u0119 coraz bardziej powszechne. Dlaczego warto wymienia\u0107 opon\u0119, kt\u00f3r\u0105 mo\u017cna naprawi\u0107?<\/p><p>To prawda: dop\u00f3ki bezpiecze\u0144stwo nie jest zagro\u017cone, nie ma ku temu powodu. Dlatego zawsze polegali\u015bmy na naprawie opon i oferujemy profesjonaln\u0105 napraw\u0119 opon w naszym zak\u0142adzie przez naszych wyszkolonych wulkanizator\u00f3w.<\/p>\t\t\t\t\t\t\t\t<\/div>\n\t\t\t\t<\/div>\n\t\t\t\t<div class=\"elementor-element elementor-element-3efb766 elementor-align-center elementor-widget elementor-widget-button\" data-id=\"3efb766\" data-element_type=\"widget\" data-e-type=\"widget\" data-widget_type=\"button.default\">\n\t\t\t\t<div class=\"elementor-widget-container\">\n\t\t\t\t\t\t\t\t\t<div class=\"elementor-button-wrapper\">\n\t\t\t\t\t<a class=\"elementor-button elementor-button-link elementor-size-sm\" href=\"https:\/\/rm-runderneuert.de\/pl\/kontakt\/\">\n\t\t\t\t\t\t<span class=\"elementor-button-content-wrapper\">\n\t\t\t\t\t\t<span class=\"elementor-button-icon\">\n\t\t\t\t<i aria-hidden=\"true\" class=\"fas fa-long-arrow-alt-right\"><\/i>\t\t\t<\/span>\n\t\t\t\t\t\t\t\t\t<span class=\"elementor-button-text\">Zapytaj teraz<\/span>\n\t\t\t\t\t<\/span>\n\t\t\t\t\t<\/a>\n\t\t\t\t<\/div>\n\t\t\t\t\t\t\t\t<\/div>\n\t\t\t\t<\/div>\n\t\t\t\t<div class=\"elementor-element elementor-element-2891ffd elementor-widget__width-inherit elementor-widget elementor-widget-gallery\" data-id=\"2891ffd\" data-element_type=\"widget\" data-e-type=\"widget\" data-settings=\"{&quot;image_hover_animation&quot;:&quot;grow&quot;,&quot;lazyload&quot;:&quot;yes&quot;,&quot;gallery_layout&quot;:&quot;grid&quot;,&quot;columns&quot;:4,&quot;columns_tablet&quot;:2,&quot;columns_mobile&quot;:1,&quot;gap&quot;:{&quot;unit&quot;:&quot;px&quot;,&quot;size&quot;:10,&quot;sizes&quot;:[]},&quot;gap_tablet&quot;:{&quot;unit&quot;:&quot;px&quot;,&quot;size&quot;:10,&quot;sizes&quot;:[]},&quot;gap_mobile&quot;:{&quot;unit&quot;:&quot;px&quot;,&quot;size&quot;:10,&quot;sizes&quot;:[]},&quot;link_to&quot;:&quot;file&quot;,&quot;aspect_ratio&quot;:&quot;3:2&quot;,&quot;content_hover_animation&quot;:&quot;fade-in&quot;}\" data-widget_type=\"gallery.default\">\n\t\t\t\t<div class=\"elementor-widget-container\">\n\t\t\t\t\t\t\t<div class=\"elementor-gallery__container\">\n\t\t\t\t\t\t\t<a class=\"e-gallery-item elementor-gallery-item elementor-animated-content\" href=\"https:\/\/rm-runderneuert.de\/wp-content\/uploads\/reparaturraum-0.jpg\" data-elementor-open-lightbox=\"yes\" data-elementor-lightbox-slideshow=\"2891ffd\" data-elementor-lightbox-title=\"reparaturraum-0\" data-e-action-hash=\"#elementor-action%3Aaction%3Dlightbox%26settings%3DeyJpZCI6MTIzNywidXJsIjoiaHR0cHM6XC9cL3JtLXJ1bmRlcm5ldWVydC5kZVwvd3AtY29udGVudFwvdXBsb2Fkc1wvcmVwYXJhdHVycmF1bS0wLmpwZyIsInNsaWRlc2hvdyI6IjI4OTFmZmQifQ%3D%3D\">\n\t\t\t\t\t<div class=\"e-gallery-image elementor-gallery-item__image\" data-thumbnail=\"https:\/\/rm-runderneuert.de\/wp-content\/uploads\/reparaturraum-0-500x333.jpg\" data-width=\"500\" data-height=\"333\" aria-label=\"\" role=\"img\" ><\/div>\n\t\t\t\t\t\t\t\t\t\t\t\t\t\t<\/a>\n\t\t\t\t\t\t\t<a class=\"e-gallery-item elementor-gallery-item elementor-animated-content\" href=\"https:\/\/rm-runderneuert.de\/wp-content\/uploads\/reparaturraum-1.jpg\" data-elementor-open-lightbox=\"yes\" data-elementor-lightbox-slideshow=\"2891ffd\" data-elementor-lightbox-title=\"reparaturraum-1\" data-e-action-hash=\"#elementor-action%3Aaction%3Dlightbox%26settings%3DeyJpZCI6MTIzOCwidXJsIjoiaHR0cHM6XC9cL3JtLXJ1bmRlcm5ldWVydC5kZVwvd3AtY29udGVudFwvdXBsb2Fkc1wvcmVwYXJhdHVycmF1bS0xLmpwZyIsInNsaWRlc2hvdyI6IjI4OTFmZmQifQ%3D%3D\">\n\t\t\t\t\t<div class=\"e-gallery-image elementor-gallery-item__image\" data-thumbnail=\"https:\/\/rm-runderneuert.de\/wp-content\/uploads\/reparaturraum-1-500x333.jpg\" data-width=\"500\" data-height=\"333\" aria-label=\"\" role=\"img\" ><\/div>\n\t\t\t\t\t\t\t\t\t\t\t\t\t\t<\/a>\n\t\t\t\t\t\t\t<a class=\"e-gallery-item elementor-gallery-item elementor-animated-content\" href=\"https:\/\/rm-runderneuert.de\/wp-content\/uploads\/reparaturraum-3.jpg\" data-elementor-open-lightbox=\"yes\" data-elementor-lightbox-slideshow=\"2891ffd\" data-elementor-lightbox-title=\"reparaturraum-3\" data-e-action-hash=\"#elementor-action%3Aaction%3Dlightbox%26settings%3DeyJpZCI6MTIzNSwidXJsIjoiaHR0cHM6XC9cL3JtLXJ1bmRlcm5ldWVydC5kZVwvd3AtY29udGVudFwvdXBsb2Fkc1wvcmVwYXJhdHVycmF1bS0zLmpwZyIsInNsaWRlc2hvdyI6IjI4OTFmZmQifQ%3D%3D\">\n\t\t\t\t\t<div class=\"e-gallery-image elementor-gallery-item__image\" data-thumbnail=\"https:\/\/rm-runderneuert.de\/wp-content\/uploads\/reparaturraum-3-500x333.jpg\" data-width=\"500\" data-height=\"333\" aria-label=\"\" role=\"img\" ><\/div>\n\t\t\t\t\t\t\t\t\t\t\t\t\t\t<\/a>\n\t\t\t\t\t\t\t<a class=\"e-gallery-item elementor-gallery-item elementor-animated-content\" href=\"https:\/\/rm-runderneuert.de\/wp-content\/uploads\/reparaturraum-4.jpg\" data-elementor-open-lightbox=\"yes\" data-elementor-lightbox-slideshow=\"2891ffd\" data-elementor-lightbox-title=\"reparaturraum-4\" data-e-action-hash=\"#elementor-action%3Aaction%3Dlightbox%26settings%3DeyJpZCI6MTIzNiwidXJsIjoiaHR0cHM6XC9cL3JtLXJ1bmRlcm5ldWVydC5kZVwvd3AtY29udGVudFwvdXBsb2Fkc1wvcmVwYXJhdHVycmF1bS00LmpwZyIsInNsaWRlc2hvdyI6IjI4OTFmZmQifQ%3D%3D\">\n\t\t\t\t\t<div class=\"e-gallery-image elementor-gallery-item__image\" data-thumbnail=\"https:\/\/rm-runderneuert.de\/wp-content\/uploads\/reparaturraum-4-500x333.jpg\" data-width=\"500\" data-height=\"333\" aria-label=\"\" role=\"img\" ><\/div>\n\t\t\t\t\t\t\t\t\t\t\t\t\t\t<\/a>\n\t\t\t\t\t<\/div>\n\t\t\t\t\t<\/div>\n\t\t\t\t<\/div>\n\t\t\t\t\t<\/div>\n\t\t\t\t<\/div>\n\t\t<div class=\"elementor-element elementor-element-c765c6f e-flex e-con-boxed e-con e-parent\" data-id=\"c765c6f\" data-element_type=\"container\" data-e-type=\"container\" data-settings=\"{&quot;background_background&quot;:&quot;classic&quot;}\">\n\t\t\t\t\t<div class=\"e-con-inner\">\n\t\t\t\t<div class=\"elementor-element elementor-element-a81113a elementor-widget elementor-widget-heading\" data-id=\"a81113a\" data-element_type=\"widget\" data-e-type=\"widget\" data-widget_type=\"heading.default\">\n\t\t\t\t<div class=\"elementor-widget-container\">\n\t\t\t\t\t<h2 class=\"elementor-heading-title elementor-size-default\">I tak to w\u0142a\u015bnie dzia\u0142a:<\/h2>\t\t\t\t<\/div>\n\t\t\t\t<\/div>\n\t\t\t\t<div class=\"elementor-element elementor-element-a67a599 elementor-widget elementor-widget-text-editor\" data-id=\"a67a599\" data-element_type=\"widget\" data-e-type=\"widget\" data-widget_type=\"text-editor.default\">\n\t\t\t\t<div class=\"elementor-widget-container\">\n\t\t\t\t\t\t\t\t\t<p>Przy tak wielu rzeczach naprawa jest dla nas czym\u015b oczywistym. Tak nam si\u0119 wydaje: Tak powinno by\u0107 r\u00f3wnie\u017c w przypadku opon. W ko\u0144cu wiele uszkodzonych opon mo\u017ce by\u0107 profesjonalnie naprawionych przez wyspecjalizowanych wulkanizator\u00f3w bez utraty jako\u015bci. Aby\u015b m\u00f3g\u0142 polega\u0107 na jako\u015bci naszych napraw opon w 100%, post\u0119pujemy w nast\u0119puj\u0105cy spos\u00f3b:<\/p>\t\t\t\t\t\t\t\t<\/div>\n\t\t\t\t<\/div>\n\t\t\t\t<div class=\"elementor-element elementor-element-730041c elementor-position-inline-start elementor-widget__width-initial elementor-view-default elementor-mobile-position-block-start elementor-widget elementor-widget-icon-box\" data-id=\"730041c\" data-element_type=\"widget\" data-e-type=\"widget\" data-widget_type=\"icon-box.default\">\n\t\t\t\t<div class=\"elementor-widget-container\">\n\t\t\t\t\t\t\t<div class=\"elementor-icon-box-wrapper\">\n\n\t\t\t\t\t\t<div class=\"elementor-icon-box-icon\">\n\t\t\t\t<span  class=\"elementor-icon\">\n\t\t\t\t<i aria-hidden=\"true\" class=\"fas fa-star\"><\/i>\t\t\t\t<\/span>\n\t\t\t<\/div>\n\t\t\t\n\t\t\t\t\t\t<div class=\"elementor-icon-box-content\">\n\n\t\t\t\t\t\t\t\t\t<div class=\"elementor-icon-box-title\">\n\t\t\t\t\t\t<span  >\n\t\t\t\t\t\t\tInwentaryzacja\t\t\t\t\t\t<\/span>\n\t\t\t\t\t<\/div>\n\t\t\t\t\n\t\t\t\t\t\t\t\t\t<p class=\"elementor-icon-box-description\">\n\t\t\t\t\t\tNaprawa opony zawsze rozpoczyna si\u0119 od dok\u0142adnej oceny uszkodzenia. Dlatego opona - niezale\u017cnie od tego, czy jest to opona ci\u0119\u017carowa, EM czy rolnicza - jest zawsze szczeg\u00f3\u0142owo sprawdzana i badana. \t\t\t\t\t<\/p>\n\t\t\t\t\n\t\t\t<\/div>\n\t\t\t\n\t\t<\/div>\n\t\t\t\t\t\t<\/div>\n\t\t\t\t<\/div>\n\t\t\t\t<div class=\"elementor-element elementor-element-cc30552 elementor-position-inline-start elementor-widget__width-initial elementor-view-default elementor-mobile-position-block-start elementor-widget elementor-widget-icon-box\" data-id=\"cc30552\" data-element_type=\"widget\" data-e-type=\"widget\" data-widget_type=\"icon-box.default\">\n\t\t\t\t<div class=\"elementor-widget-container\">\n\t\t\t\t\t\t\t<div class=\"elementor-icon-box-wrapper\">\n\n\t\t\t\t\t\t<div class=\"elementor-icon-box-icon\">\n\t\t\t\t<span  class=\"elementor-icon\">\n\t\t\t\t<i aria-hidden=\"true\" class=\"fas fa-star\"><\/i>\t\t\t\t<\/span>\n\t\t\t<\/div>\n\t\t\t\n\t\t\t\t\t\t<div class=\"elementor-icon-box-content\">\n\n\t\t\t\t\t\t\t\t\t<div class=\"elementor-icon-box-title\">\n\t\t\t\t\t\t<span  >\n\t\t\t\t\t\t\tProces podejmowania decyzji\t\t\t\t\t\t<\/span>\n\t\t\t\t\t<\/div>\n\t\t\t\t\n\t\t\t\t\t\t\t\t\t<p class=\"elementor-icon-box-description\">\n\t\t\t\t\t\tUszkodzenie jest nast\u0119pnie wyra\u017anie oznaczone, a nasi eksperci decyduj\u0105, czy opona mo\u017ce zosta\u0107 naprawiona.\t\t\t\t\t<\/p>\n\t\t\t\t\n\t\t\t<\/div>\n\t\t\t\n\t\t<\/div>\n\t\t\t\t\t\t<\/div>\n\t\t\t\t<\/div>\n\t\t\t\t<div class=\"elementor-element elementor-element-1a44cca elementor-position-inline-start elementor-widget__width-initial elementor-view-default elementor-mobile-position-block-start elementor-widget elementor-widget-icon-box\" data-id=\"1a44cca\" data-element_type=\"widget\" data-e-type=\"widget\" data-widget_type=\"icon-box.default\">\n\t\t\t\t<div class=\"elementor-widget-container\">\n\t\t\t\t\t\t\t<div class=\"elementor-icon-box-wrapper\">\n\n\t\t\t\t\t\t<div class=\"elementor-icon-box-icon\">\n\t\t\t\t<span  class=\"elementor-icon\">\n\t\t\t\t<i aria-hidden=\"true\" class=\"fas fa-star\"><\/i>\t\t\t\t<\/span>\n\t\t\t<\/div>\n\t\t\t\n\t\t\t\t\t\t<div class=\"elementor-icon-box-content\">\n\n\t\t\t\t\t\t\t\t\t<div class=\"elementor-icon-box-title\">\n\t\t\t\t\t\t<span  >\n\t\t\t\t\t\t\tPrzygotowanie\t\t\t\t\t\t<\/span>\n\t\t\t\t\t<\/div>\n\t\t\t\t\n\t\t\t\t\t\t\t\t\t<p class=\"elementor-icon-box-description\">\n\t\t\t\t\t\tJe\u015bli opona nadaje si\u0119 do naprawy, odpowiednie obszary s\u0105 przygotowywane do profesjonalnej naprawy.\t\t\t\t\t<\/p>\n\t\t\t\t\n\t\t\t<\/div>\n\t\t\t\n\t\t<\/div>\n\t\t\t\t\t\t<\/div>\n\t\t\t\t<\/div>\n\t\t\t\t<div class=\"elementor-element elementor-element-fc4713b elementor-position-inline-start elementor-widget__width-initial elementor-view-default elementor-mobile-position-block-start elementor-widget elementor-widget-icon-box\" data-id=\"fc4713b\" data-element_type=\"widget\" data-e-type=\"widget\" data-widget_type=\"icon-box.default\">\n\t\t\t\t<div class=\"elementor-widget-container\">\n\t\t\t\t\t\t\t<div class=\"elementor-icon-box-wrapper\">\n\n\t\t\t\t\t\t<div class=\"elementor-icon-box-icon\">\n\t\t\t\t<span  class=\"elementor-icon\">\n\t\t\t\t<i aria-hidden=\"true\" class=\"fas fa-star\"><\/i>\t\t\t\t<\/span>\n\t\t\t<\/div>\n\t\t\t\n\t\t\t\t\t\t<div class=\"elementor-icon-box-content\">\n\n\t\t\t\t\t\t\t\t\t<div class=\"elementor-icon-box-title\">\n\t\t\t\t\t\t<span  >\n\t\t\t\t\t\t\tKo\u0144cowa kontrola jako\u015bci\t\t\t\t\t\t<\/span>\n\t\t\t\t\t<\/div>\n\t\t\t\t\n\t\t\t\t\t\t\t\t\t<p class=\"elementor-icon-box-description\">\n\t\t\t\t\t\tPo naprawieniu opona jest poddawana ostatecznej kontroli jako\u015bci, a nast\u0119pnie mo\u017ce zosta\u0107 niezw\u0142ocznie oddana do serwisu.\t\t\t\t\t<\/p>\n\t\t\t\t\n\t\t\t<\/div>\n\t\t\t\n\t\t<\/div>\n\t\t\t\t\t\t<\/div>\n\t\t\t\t<\/div>\n\t\t\t\t\t<\/div>\n\t\t\t\t<\/div>\n\t\t<div class=\"elementor-element elementor-element-1a9349c e-flex e-con-boxed e-con e-parent\" data-id=\"1a9349c\" data-element_type=\"container\" data-e-type=\"container\" data-settings=\"{&quot;background_background&quot;:&quot;classic&quot;}\">\n\t\t\t\t\t<div class=\"e-con-inner\">\n\t\t\t\t<div class=\"elementor-element elementor-element-b999f11 elementor-widget elementor-widget-heading\" data-id=\"b999f11\" data-element_type=\"widget\" data-e-type=\"widget\" data-widget_type=\"heading.default\">\n\t\t\t\t<div class=\"elementor-widget-container\">\n\t\t\t\t\t<h2 class=\"elementor-heading-title elementor-size-default\">Skorzystaj z zalet naszej naprawy opon:<\/h2>\t\t\t\t<\/div>\n\t\t\t\t<\/div>\n\t\t\t\t<div class=\"elementor-element elementor-element-6913cf9 elementor-align-start elementor-icon-list--layout-traditional elementor-list-item-link-full_width elementor-widget elementor-widget-icon-list\" data-id=\"6913cf9\" data-element_type=\"widget\" data-e-type=\"widget\" data-widget_type=\"icon-list.default\">\n\t\t\t\t<div class=\"elementor-widget-container\">\n\t\t\t\t\t\t\t<ul class=\"elementor-icon-list-items\">\n\t\t\t\t\t\t\t<li class=\"elementor-icon-list-item\">\n\t\t\t\t\t\t\t\t\t\t\t<span class=\"elementor-icon-list-icon\">\n\t\t\t\t\t\t\t<i aria-hidden=\"true\" class=\"fas fa-check\"><\/i>\t\t\t\t\t\t<\/span>\n\t\t\t\t\t\t\t\t\t\t<span class=\"elementor-icon-list-text\">Przyjazny dla \u015brodowiska i materia\u0142\u00f3w<\/span>\n\t\t\t\t\t\t\t\t\t<\/li>\n\t\t\t\t\t\t\t\t<li class=\"elementor-icon-list-item\">\n\t\t\t\t\t\t\t\t\t\t\t<span class=\"elementor-icon-list-icon\">\n\t\t\t\t\t\t\t<i aria-hidden=\"true\" class=\"fas fa-check\"><\/i>\t\t\t\t\t\t<\/span>\n\t\t\t\t\t\t\t\t\t\t<span class=\"elementor-icon-list-text\">Profesjonalna naprawa<\/span>\n\t\t\t\t\t\t\t\t\t<\/li>\n\t\t\t\t\t\t\t\t<li class=\"elementor-icon-list-item\">\n\t\t\t\t\t\t\t\t\t\t\t<span class=\"elementor-icon-list-icon\">\n\t\t\t\t\t\t\t<i aria-hidden=\"true\" class=\"fas fa-check\"><\/i>\t\t\t\t\t\t<\/span>\n\t\t\t\t\t\t\t\t\t\t<span class=\"elementor-icon-list-text\">Znacz\u0105ce oszcz\u0119dno\u015bci koszt\u00f3w<\/span>\n\t\t\t\t\t\t\t\t\t<\/li>\n\t\t\t\t\t\t\t\t<li class=\"elementor-icon-list-item\">\n\t\t\t\t\t\t\t\t\t\t\t<span class=\"elementor-icon-list-icon\">\n\t\t\t\t\t\t\t<i aria-hidden=\"true\" class=\"fas fa-check\"><\/i>\t\t\t\t\t\t<\/span>\n\t\t\t\t\t\t\t\t\t\t<span class=\"elementor-icon-list-text\">Szybkie wdro\u017cenie   <\/span>\n\t\t\t\t\t\t\t\t\t<\/li>\n\t\t\t\t\t\t<\/ul>\n\t\t\t\t\t\t<\/div>\n\t\t\t\t<\/div>\n\t\t\t\t<div class=\"elementor-element elementor-element-5711d50 elementor-align-center elementor-widget elementor-widget-button\" data-id=\"5711d50\" data-element_type=\"widget\" data-e-type=\"widget\" data-widget_type=\"button.default\">\n\t\t\t\t<div class=\"elementor-widget-container\">\n\t\t\t\t\t\t\t\t\t<div class=\"elementor-button-wrapper\">\n\t\t\t\t\t<a class=\"elementor-button elementor-button-link elementor-size-sm\" href=\"https:\/\/rm-runderneuert.de\/pl\/kontakt\/\">\n\t\t\t\t\t\t<span class=\"elementor-button-content-wrapper\">\n\t\t\t\t\t\t<span class=\"elementor-button-icon\">\n\t\t\t\t<i aria-hidden=\"true\" class=\"fas fa-long-arrow-alt-right\"><\/i>\t\t\t<\/span>\n\t\t\t\t\t\t\t\t\t<span class=\"elementor-button-text\">Zam\u00f3w napraw\u0119 ju\u017c teraz <\/span>\n\t\t\t\t\t<\/span>\n\t\t\t\t\t<\/a>\n\t\t\t\t<\/div>\n\t\t\t\t\t\t\t\t<\/div>\n\t\t\t\t<\/div>\n\t\t\t\t\t<\/div>\n\t\t\t\t<\/div>\n\t\t\t\t<\/div>","protected":false},"excerpt":{"rendered":"<p>Nachhaltig und kosteneffizient: Warum Reifen reparieren besser ist als austauschen Was f\u00fcr uns immer selbstverst\u00e4ndlich war, setzt sich gl\u00fccklicherweise langsam wieder st\u00e4rker durch. Warum sollte man einen Reifen, den man reparieren kann, austauschen? Richtig: Sofern die Sicherheit nicht eingeschr\u00e4nkt ist, gibt es daf\u00fcr keinen Grund. Deswegen setzen wir seit jeher auf Reifenreparatur und bieten mit [&hellip;]<\/p>\n","protected":false},"author":1,"featured_media":0,"parent":0,"menu_order":0,"comment_status":"closed","ping_status":"closed","template":"elementor_header_footer","meta":{"footnotes":""},"class_list":["post-41","page","type-page","status-publish","hentry"],"_links":{"self":[{"href":"https:\/\/rm-runderneuert.de\/pl\/wp-json\/wp\/v2\/pages\/41","targetHints":{"allow":["GET"]}}],"collection":[{"href":"https:\/\/rm-runderneuert.de\/pl\/wp-json\/wp\/v2\/pages"}],"about":[{"href":"https:\/\/rm-runderneuert.de\/pl\/wp-json\/wp\/v2\/types\/page"}],"author":[{"embeddable":true,"href":"https:\/\/rm-runderneuert.de\/pl\/wp-json\/wp\/v2\/users\/1"}],"replies":[{"embeddable":true,"href":"https:\/\/rm-runderneuert.de\/pl\/wp-json\/wp\/v2\/comments?post=41"}],"version-history":[{"count":50,"href":"https:\/\/rm-runderneuert.de\/pl\/wp-json\/wp\/v2\/pages\/41\/revisions"}],"predecessor-version":[{"id":2198,"href":"https:\/\/rm-runderneuert.de\/pl\/wp-json\/wp\/v2\/pages\/41\/revisions\/2198"}],"wp:attachment":[{"href":"https:\/\/rm-runderneuert.de\/pl\/wp-json\/wp\/v2\/media?parent=41"}],"curies":[{"name":"wp","href":"https:\/\/api.w.org\/{rel}","templated":true}]}}