{"id":47,"date":"2024-03-25T15:27:46","date_gmt":"2024-03-25T14:27:46","guid":{"rendered":"https:\/\/rm-runderneuert.de\/?page_id=47"},"modified":"2025-11-24T17:08:42","modified_gmt":"2025-11-24T16:08:42","slug":"impressum","status":"publish","type":"page","link":"https:\/\/rm-runderneuert.de\/fr\/impressum\/","title":{"rendered":"Mentions l\u00e9gales"},"content":{"rendered":"<div data-elementor-type=\"wp-page\" data-elementor-id=\"47\" class=\"elementor elementor-47\" data-elementor-post-type=\"page\">\n\t\t\t\t<div class=\"elementor-element elementor-element-205e555 e-con-full e-flex e-con e-parent\" data-id=\"205e555\" data-element_type=\"container\" data-e-type=\"container\">\n\t\t\t\t<div class=\"elementor-element elementor-element-075331a elementor-widget elementor-widget-template\" data-id=\"075331a\" data-element_type=\"widget\" data-e-type=\"widget\" data-widget_type=\"template.default\">\n\t\t\t\t<div class=\"elementor-widget-container\">\n\t\t\t\t\t\t\t<div class=\"elementor-template\">\n\t\t\t\t\t<div data-elementor-type=\"container\" data-elementor-id=\"408\" class=\"elementor elementor-408\" data-elementor-post-type=\"elementor_library\">\n\t\t\t\t<div class=\"elementor-element elementor-element-226d66f3 tabledisplay e-flex e-con-boxed e-con e-parent\" data-id=\"226d66f3\" data-element_type=\"container\" data-e-type=\"container\" data-settings=\"{&quot;background_background&quot;:&quot;classic&quot;}\">\n\t\t\t\t\t<div class=\"e-con-inner\">\n\t\t\t\t<div class=\"elementor-element elementor-element-75be6d23 elementor-widget__width-auto rankmath_breadcrumb elementor-widget elementor-widget-shortcode\" data-id=\"75be6d23\" data-element_type=\"widget\" data-e-type=\"widget\" data-widget_type=\"shortcode.default\">\n\t\t\t\t<div class=\"elementor-widget-container\">\n\t\t\t\t\t\t\t<div class=\"elementor-shortcode\"><nav aria-label=\"breadcrumbs\" class=\"rank-math-breadcrumb\"><p><span class=\"last\">Page d'accueil<\/span><\/p><\/nav><\/div>\n\t\t\t\t\t\t<\/div>\n\t\t\t\t<\/div>\n\t\t\t\t<div class=\"elementor-element elementor-element-39f4a196 elementor-widget elementor-widget-heading\" data-id=\"39f4a196\" data-element_type=\"widget\" data-e-type=\"widget\" data-settings=\"{&quot;ep_threed_text_active&quot;:&quot;yes&quot;,&quot;ep_threed_text_layers&quot;:5,&quot;ep_threed_text_perspective&quot;:{&quot;unit&quot;:&quot;px&quot;,&quot;size&quot;:850,&quot;sizes&quot;:[]},&quot;ep_threed_text_event&quot;:&quot;pointer&quot;,&quot;ep_threed_text_event_rotation&quot;:{&quot;unit&quot;:&quot;px&quot;,&quot;size&quot;:15,&quot;sizes&quot;:[]},&quot;ep_threed_text_depth&quot;:{&quot;unit&quot;:&quot;px&quot;,&quot;size&quot;:30,&quot;sizes&quot;:[]},&quot;ep_threed_text_fade&quot;:&quot;yes&quot;,&quot;ep_threed_text_event_direction&quot;:&quot;default&quot;}\" data-widget_type=\"heading.default\">\n\t\t\t\t<div class=\"elementor-widget-container\">\n\t\t\t\t\t<h1 class=\"elementor-heading-title elementor-size-default\">Mentions l\u00e9gales<\/h1>\t\t\t\t<\/div>\n\t\t\t\t<\/div>\n\t\t\t\t\t<\/div>\n\t\t\t\t<\/div>\n\t\t\t\t<\/div>\n\t\t\t\t<\/div>\n\t\t\t\t\t\t<\/div>\n\t\t\t\t<\/div>\n\t\t\t\t<\/div>\n\t\t<div class=\"elementor-element elementor-element-112db60c e-flex e-con-boxed e-con e-parent\" data-id=\"112db60c\" data-element_type=\"container\" data-e-type=\"container\">\n\t\t\t\t\t<div class=\"e-con-inner\">\n\t\t\t\t<div class=\"elementor-element elementor-element-11af914c elementor-widget elementor-widget-text-editor\" data-id=\"11af914c\" data-element_type=\"widget\" data-e-type=\"widget\" data-widget_type=\"text-editor.default\">\n\t\t\t\t<div class=\"elementor-widget-container\">\n\t\t\t\t\t\t\t\t\t<p>Reifen M\u00fcller GmbH &amp; Co. usine de rechapage KG<br \/>1, rue des Francs<br \/>97762 Hammelburg-Westheim<\/p><p>Registre du commerce : HRA 8260<br \/>Tribunal d'enregistrement : Tribunal d'instance de Schweinfurt<\/p><p><strong>Repr\u00e9sent\u00e9 par :<\/strong><br \/>RU Verwaltungs GmbH<br \/>14, rue Siemens<br \/>D-63263 Neu-Isenburg<\/p><p>Celle-ci est repr\u00e9sent\u00e9e par :<br \/>Jongho Park, Norbert Sauernheimer<\/p><p>Registre du commerce : HRB 51671<br \/>Tribunal d'enregistrement : Tribunal d'instance d'Offenbach am Main<\/p><h2>Contact<\/h2><p>T\u00e9l\u00e9phone : +49 (0)9732\/788666-0<br \/>T\u00e9l\u00e9copieur : +49 (0)9732\/788666-19<br \/>Courrier \u00e9lectronique : runderneuerung@reifen-mueller.com<\/p><h2>Num\u00e9ro d'identification de la taxe sur le chiffre d'affaires<\/h2><p>Num\u00e9ro d'identification de la taxe sur le chiffre d'affaires conform\u00e9ment au \u00a7 27 a de la loi sur la taxe sur le chiffre d'affaires :<br \/>FR 234468498<\/p><h2>Responsable de la r\u00e9daction<\/h2><p>Sang Hoon Lee<br \/>Norbert Sauernheimer<br \/>14, rue Siemens<br \/>D-63263 Neu-Isenburg<\/p><p>T\u00e9l\u00e9phone : +49 (0) 6102 \/ 4318000<br \/>Courrier \u00e9lectronique : info@hankookreifen.de<\/p><h2>R\u00e8glement des litiges de consommation\/organisme de conciliation universel<\/h2><p>Nous ne sommes pas pr\u00eats ou oblig\u00e9s de participer \u00e0 des proc\u00e9dures de r\u00e8glement des litiges devant un organisme de conciliation des consommateurs.<\/p>\t\t\t\t\t\t\t\t<\/div>\n\t\t\t\t<\/div>\n\t\t\t\t<div class=\"elementor-element elementor-element-376612f elementor-widget elementor-widget-text-editor\" data-id=\"376612f\" data-element_type=\"widget\" data-e-type=\"widget\" data-widget_type=\"text-editor.default\">\n\t\t\t\t<div class=\"elementor-widget-container\">\n\t\t\t\t\t\t\t\t\t<h2>Droits d'auteur et cr\u00e9dits photographiques<\/h2><p>Sauf indication contraire, les contenus sont prot\u00e9g\u00e9s par des droits d'auteur.<br \/>Les photographies utilis\u00e9es sont, le cas \u00e9ch\u00e9ant, accompagn\u00e9es de cr\u00e9dits photographiques ou sont mentionn\u00e9es ci-dessous, dans la mesure o\u00f9 elles n'ont pas \u00e9t\u00e9 r\u00e9alis\u00e9es par l'auteur.<br \/>L'utilisation de photographies sur des sites tiers n'est possible que dans le cadre de la licence respective des auteurs.<\/p><h3>Cr\u00e9dits photographiques :<\/h3><p>Adobe Stock<br \/>Magasinier \u00a9 Kaarsten | fotolia.com<br \/>Camion 9 \u00a9 Thaut Images | fotolia.com<br \/>web of splits on the triplex windscreen \u00a9 Andrey Semenov | fotolia.com<br \/>auto repair - 05 \u00a9 Sudheer Sakthan | fotolia.com<\/p><p>Toutes les autres images sont issues du stock de Reifen M\u00fcller GmbH &amp; Co. KG et de Reifen M\u00fcller GmbH &amp; Co. Runderneunderungswerk KG ou sont aimablement mises \u00e0 disposition par les fabricants.<\/p><h2>Mise en \u0153uvre technique<\/h2><p><a href=\"https:\/\/c-g-w.net\/\" target=\"_blank\" rel=\"noopener\">CGW GmbH - Communication \u00e0 service complet<\/a><br \/>Rue Karl Arnold 8<br \/>47877 Willich<br \/>Allemagne<\/p>\t\t\t\t\t\t\t\t<\/div>\n\t\t\t\t<\/div>\n\t\t\t\t\t<\/div>\n\t\t\t\t<\/div>\n\t\t\t\t<\/div>","protected":false},"excerpt":{"rendered":"<p>Reifen M\u00fcller GmbH &amp; Co. Runderneuerungswerk KGFrankenstra\u00dfe 197762 Hammelburg-Westheim Handelsregister: HRA 8260Registergericht: Amtsgericht Schweinfurt Vertreten durch:RU Verwaltungs GmbHSiemensstra\u00dfe 14D-63263 Neu-Isenburg Diese vertreten durch:Jongho Park, Norbert Sauernheimer Handelsregister: HRB 51671Registergericht: Amtsgericht Offenbach am Main Kontakt Telefon: +49 (0)9732\/788666-0Telefax: +49 (0)9732\/788666-19E-Mail: runderneuerung@reifen-mueller.com Umsatzsteuer-ID Umsatzsteuer-Identifikationsnummer gem\u00e4\u00df \u00a7 27 a Umsatzsteuergesetz:DE 234468498 Redaktionell verantwortlich Sang Hoon LeeNorbert SauernheimerSiemensstra\u00dfe 14D-63263 [&hellip;]<\/p>\n","protected":false},"author":1,"featured_media":0,"parent":0,"menu_order":0,"comment_status":"closed","ping_status":"closed","template":"elementor_header_footer","meta":{"footnotes":""},"class_list":["post-47","page","type-page","status-publish","hentry"],"_links":{"self":[{"href":"https:\/\/rm-runderneuert.de\/fr\/wp-json\/wp\/v2\/pages\/47","targetHints":{"allow":["GET"]}}],"collection":[{"href":"https:\/\/rm-runderneuert.de\/fr\/wp-json\/wp\/v2\/pages"}],"about":[{"href":"https:\/\/rm-runderneuert.de\/fr\/wp-json\/wp\/v2\/types\/page"}],"author":[{"embeddable":true,"href":"https:\/\/rm-runderneuert.de\/fr\/wp-json\/wp\/v2\/users\/1"}],"replies":[{"embeddable":true,"href":"https:\/\/rm-runderneuert.de\/fr\/wp-json\/wp\/v2\/comments?post=47"}],"version-history":[{"count":69,"href":"https:\/\/rm-runderneuert.de\/fr\/wp-json\/wp\/v2\/pages\/47\/revisions"}],"predecessor-version":[{"id":2842,"href":"https:\/\/rm-runderneuert.de\/fr\/wp-json\/wp\/v2\/pages\/47\/revisions\/2842"}],"wp:attachment":[{"href":"https:\/\/rm-runderneuert.de\/fr\/wp-json\/wp\/v2\/media?parent=47"}],"curies":[{"name":"wp","href":"https:\/\/api.w.org\/{rel}","templated":true}]}}