{"id":29,"date":"2024-03-25T15:25:24","date_gmt":"2024-03-25T14:25:24","guid":{"rendered":"https:\/\/rm-runderneuert.de\/?page_id=29"},"modified":"2024-05-23T15:43:50","modified_gmt":"2024-05-23T13:43:50","slug":"next-tread-dunlop-goodyear","status":"publish","type":"page","link":"https:\/\/rm-runderneuert.de\/fr\/unsere-produkte\/next-tread-dunlop-goodyear\/","title":{"rendered":"Next Tread (Dunlop\/Goodyear)"},"content":{"rendered":"<div data-elementor-type=\"wp-page\" data-elementor-id=\"29\" class=\"elementor elementor-29\" data-elementor-post-type=\"page\">\n\t\t\t\t<div class=\"elementor-element elementor-element-15dc3b7 e-con-full e-flex e-con e-parent\" data-id=\"15dc3b7\" data-element_type=\"container\" data-e-type=\"container\">\n\t\t\t\t<div class=\"elementor-element elementor-element-9cac7a3 elementor-widget elementor-widget-template\" data-id=\"9cac7a3\" data-element_type=\"widget\" data-e-type=\"widget\" data-widget_type=\"template.default\">\n\t\t\t\t<div class=\"elementor-widget-container\">\n\t\t\t\t\t\t\t<div class=\"elementor-template\">\n\t\t\t\t\t<div data-elementor-type=\"container\" data-elementor-id=\"408\" class=\"elementor elementor-408\" data-elementor-post-type=\"elementor_library\">\n\t\t\t\t<div class=\"elementor-element elementor-element-226d66f3 tabledisplay e-flex e-con-boxed e-con e-parent\" data-id=\"226d66f3\" data-element_type=\"container\" data-e-type=\"container\" data-settings=\"{&quot;background_background&quot;:&quot;classic&quot;}\">\n\t\t\t\t\t<div class=\"e-con-inner\">\n\t\t\t\t<div class=\"elementor-element elementor-element-75be6d23 elementor-widget__width-auto rankmath_breadcrumb elementor-widget elementor-widget-shortcode\" data-id=\"75be6d23\" data-element_type=\"widget\" data-e-type=\"widget\" data-widget_type=\"shortcode.default\">\n\t\t\t\t<div class=\"elementor-widget-container\">\n\t\t\t\t\t\t\t<div class=\"elementor-shortcode\"><nav aria-label=\"breadcrumbs\" class=\"rank-math-breadcrumb\"><p><span class=\"last\">Page d'accueil<\/span><\/p><\/nav><\/div>\n\t\t\t\t\t\t<\/div>\n\t\t\t\t<\/div>\n\t\t\t\t<div class=\"elementor-element elementor-element-39f4a196 elementor-widget elementor-widget-heading\" data-id=\"39f4a196\" data-element_type=\"widget\" data-e-type=\"widget\" data-settings=\"{&quot;ep_threed_text_active&quot;:&quot;yes&quot;,&quot;ep_threed_text_layers&quot;:5,&quot;ep_threed_text_perspective&quot;:{&quot;unit&quot;:&quot;px&quot;,&quot;size&quot;:850,&quot;sizes&quot;:[]},&quot;ep_threed_text_event&quot;:&quot;pointer&quot;,&quot;ep_threed_text_event_rotation&quot;:{&quot;unit&quot;:&quot;px&quot;,&quot;size&quot;:15,&quot;sizes&quot;:[]},&quot;ep_threed_text_depth&quot;:{&quot;unit&quot;:&quot;px&quot;,&quot;size&quot;:30,&quot;sizes&quot;:[]},&quot;ep_threed_text_fade&quot;:&quot;yes&quot;,&quot;ep_threed_text_event_direction&quot;:&quot;default&quot;}\" data-widget_type=\"heading.default\">\n\t\t\t\t<div class=\"elementor-widget-container\">\n\t\t\t\t\t<h1 class=\"elementor-heading-title elementor-size-default\">Next Tread (Dunlop\/Goodyear)<\/h1>\t\t\t\t<\/div>\n\t\t\t\t<\/div>\n\t\t\t\t\t<\/div>\n\t\t\t\t<\/div>\n\t\t\t\t<\/div>\n\t\t\t\t<\/div>\n\t\t\t\t\t\t<\/div>\n\t\t\t\t<\/div>\n\t\t\t\t<\/div>\n\t\t<div class=\"elementor-element elementor-element-95ca3c8 e-flex e-con-boxed e-con e-parent\" data-id=\"95ca3c8\" data-element_type=\"container\" data-e-type=\"container\" data-settings=\"{&quot;background_background&quot;:&quot;classic&quot;}\">\n\t\t\t\t\t<div class=\"e-con-inner\">\n\t\t\t\t<div class=\"elementor-element elementor-element-a908c2e elementor-widget elementor-widget-heading\" data-id=\"a908c2e\" data-element_type=\"widget\" data-e-type=\"widget\" data-widget_type=\"heading.default\">\n\t\t\t\t<div class=\"elementor-widget-container\">\n\t\t\t\t\t<h2 class=\"elementor-heading-title elementor-size-default\">Dans notre usine de rechapage \u00e0 froid, nous rechapons les carcasses premium selon le proc\u00e9d\u00e9 Next Tread.<\/h2>\t\t\t\t<\/div>\n\t\t\t\t<\/div>\n\t\t\t\t<div class=\"elementor-element elementor-element-27288c3 elementor-widget elementor-widget-text-editor\" data-id=\"27288c3\" data-element_type=\"widget\" data-e-type=\"widget\" data-widget_type=\"text-editor.default\">\n\t\t\t\t<div class=\"elementor-widget-container\">\n\t\t\t\t\t\t\t\t\t<p>Les produits Next Tread se caract\u00e9risent par des m\u00e9langes de caoutchouc adapt\u00e9s et une gamme plus large de carcasses. Les produits Next Tread utilisent des technologies et des mat\u00e9riaux issus de la production de pneus neufs.<\/p>\t\t\t\t\t\t\t\t<\/div>\n\t\t\t\t<\/div>\n\t\t\t\t<div class=\"elementor-element elementor-element-c25b8e9 elementor-align-center elementor-widget elementor-widget-button\" data-id=\"c25b8e9\" data-element_type=\"widget\" data-e-type=\"widget\" data-widget_type=\"button.default\">\n\t\t\t\t<div class=\"elementor-widget-container\">\n\t\t\t\t\t\t\t\t\t<div class=\"elementor-button-wrapper\">\n\t\t\t\t\t<a class=\"elementor-button elementor-button-link elementor-size-sm\" href=\"https:\/\/rm-runderneuert.de\/fr\/kontakt\/\">\n\t\t\t\t\t\t<span class=\"elementor-button-content-wrapper\">\n\t\t\t\t\t\t<span class=\"elementor-button-icon\">\n\t\t\t\t<i aria-hidden=\"true\" class=\"fas fa-long-arrow-alt-right\"><\/i>\t\t\t<\/span>\n\t\t\t\t\t\t\t\t\t<span class=\"elementor-button-text\">Demander maintenant<\/span>\n\t\t\t\t\t<\/span>\n\t\t\t\t\t<\/a>\n\t\t\t\t<\/div>\n\t\t\t\t\t\t\t\t<\/div>\n\t\t\t\t<\/div>\n\t\t\t\t\t<\/div>\n\t\t\t\t<\/div>\n\t\t\t\t<\/div>","protected":false},"excerpt":{"rendered":"<p>Dans notre usine de rechapage \u00e0 froid, nous rechapons des carcasses premium selon le proc\u00e9d\u00e9 Next Tread Les produits Next Tread se distinguent par des m\u00e9langes de caoutchouc adapt\u00e9s et une gamme plus large de carcasses. Les produits Next Tread utilisent des technologies et des mat\u00e9riaux issus de la production de pneus neufs. Demander maintenant<\/p>","protected":false},"author":1,"featured_media":0,"parent":19,"menu_order":0,"comment_status":"closed","ping_status":"closed","template":"elementor_header_footer","meta":{"footnotes":""},"class_list":["post-29","page","type-page","status-publish","hentry"],"_links":{"self":[{"href":"https:\/\/rm-runderneuert.de\/fr\/wp-json\/wp\/v2\/pages\/29","targetHints":{"allow":["GET"]}}],"collection":[{"href":"https:\/\/rm-runderneuert.de\/fr\/wp-json\/wp\/v2\/pages"}],"about":[{"href":"https:\/\/rm-runderneuert.de\/fr\/wp-json\/wp\/v2\/types\/page"}],"author":[{"embeddable":true,"href":"https:\/\/rm-runderneuert.de\/fr\/wp-json\/wp\/v2\/users\/1"}],"replies":[{"embeddable":true,"href":"https:\/\/rm-runderneuert.de\/fr\/wp-json\/wp\/v2\/comments?post=29"}],"version-history":[{"count":11,"href":"https:\/\/rm-runderneuert.de\/fr\/wp-json\/wp\/v2\/pages\/29\/revisions"}],"predecessor-version":[{"id":1752,"href":"https:\/\/rm-runderneuert.de\/fr\/wp-json\/wp\/v2\/pages\/29\/revisions\/1752"}],"up":[{"embeddable":true,"href":"https:\/\/rm-runderneuert.de\/fr\/wp-json\/wp\/v2\/pages\/19"}],"wp:attachment":[{"href":"https:\/\/rm-runderneuert.de\/fr\/wp-json\/wp\/v2\/media?parent=29"}],"curies":[{"name":"wp","href":"https:\/\/api.w.org\/{rel}","templated":true}]}}