{"id":47,"date":"2024-03-25T15:27:46","date_gmt":"2024-03-25T14:27:46","guid":{"rendered":"https:\/\/rm-runderneuert.de\/?page_id=47"},"modified":"2025-11-24T17:08:42","modified_gmt":"2025-11-24T16:08:42","slug":"impressum","status":"publish","type":"page","link":"https:\/\/rm-runderneuert.de\/es\/impressum\/","title":{"rendered":"Pie de imprenta"},"content":{"rendered":"<div data-elementor-type=\"wp-page\" data-elementor-id=\"47\" class=\"elementor elementor-47\" data-elementor-post-type=\"page\">\n\t\t\t\t<div class=\"elementor-element elementor-element-205e555 e-con-full e-flex e-con e-parent\" data-id=\"205e555\" data-element_type=\"container\" data-e-type=\"container\">\n\t\t\t\t<div class=\"elementor-element elementor-element-075331a elementor-widget elementor-widget-template\" data-id=\"075331a\" data-element_type=\"widget\" data-e-type=\"widget\" data-widget_type=\"template.default\">\n\t\t\t\t<div class=\"elementor-widget-container\">\n\t\t\t\t\t\t\t<div class=\"elementor-template\">\n\t\t\t\t\t<div data-elementor-type=\"container\" data-elementor-id=\"408\" class=\"elementor elementor-408\" data-elementor-post-type=\"elementor_library\">\n\t\t\t\t<div class=\"elementor-element elementor-element-226d66f3 tabledisplay e-flex e-con-boxed e-con e-parent\" data-id=\"226d66f3\" data-element_type=\"container\" data-e-type=\"container\" data-settings=\"{&quot;background_background&quot;:&quot;classic&quot;}\">\n\t\t\t\t\t<div class=\"e-con-inner\">\n\t\t\t\t<div class=\"elementor-element elementor-element-75be6d23 elementor-widget__width-auto rankmath_breadcrumb elementor-widget elementor-widget-shortcode\" data-id=\"75be6d23\" data-element_type=\"widget\" data-e-type=\"widget\" data-widget_type=\"shortcode.default\">\n\t\t\t\t<div class=\"elementor-widget-container\">\n\t\t\t\t\t\t\t<div class=\"elementor-shortcode\"><nav aria-label=\"pan rallado\" class=\"rank-math-breadcrumb\"><p><span class=\"last\">P\u00e1gina de inicio<\/span><\/p><\/nav><\/div>\n\t\t\t\t\t\t<\/div>\n\t\t\t\t<\/div>\n\t\t\t\t<div class=\"elementor-element elementor-element-39f4a196 elementor-widget elementor-widget-heading\" data-id=\"39f4a196\" data-element_type=\"widget\" data-e-type=\"widget\" data-settings=\"{&quot;ep_threed_text_active&quot;:&quot;yes&quot;,&quot;ep_threed_text_layers&quot;:5,&quot;ep_threed_text_perspective&quot;:{&quot;unit&quot;:&quot;px&quot;,&quot;size&quot;:850,&quot;sizes&quot;:[]},&quot;ep_threed_text_event&quot;:&quot;pointer&quot;,&quot;ep_threed_text_event_rotation&quot;:{&quot;unit&quot;:&quot;px&quot;,&quot;size&quot;:15,&quot;sizes&quot;:[]},&quot;ep_threed_text_depth&quot;:{&quot;unit&quot;:&quot;px&quot;,&quot;size&quot;:30,&quot;sizes&quot;:[]},&quot;ep_threed_text_fade&quot;:&quot;yes&quot;,&quot;ep_threed_text_event_direction&quot;:&quot;default&quot;}\" data-widget_type=\"heading.default\">\n\t\t\t\t<div class=\"elementor-widget-container\">\n\t\t\t\t\t<h1 class=\"elementor-heading-title elementor-size-default\">Pie de imprenta<\/h1>\t\t\t\t<\/div>\n\t\t\t\t<\/div>\n\t\t\t\t\t<\/div>\n\t\t\t\t<\/div>\n\t\t\t\t<\/div>\n\t\t\t\t<\/div>\n\t\t\t\t\t\t<\/div>\n\t\t\t\t<\/div>\n\t\t\t\t<\/div>\n\t\t<div class=\"elementor-element elementor-element-112db60c e-flex e-con-boxed e-con e-parent\" data-id=\"112db60c\" data-element_type=\"container\" data-e-type=\"container\">\n\t\t\t\t\t<div class=\"e-con-inner\">\n\t\t\t\t<div class=\"elementor-element elementor-element-11af914c elementor-widget elementor-widget-text-editor\" data-id=\"11af914c\" data-element_type=\"widget\" data-e-type=\"widget\" data-widget_type=\"text-editor.default\">\n\t\t\t\t<div class=\"elementor-widget-container\">\n\t\t\t\t\t\t\t\t\t<p>Reifen M\u00fcller GmbH &amp; Co. planta de recauchutado KG<br \/>Frankenstrasse 1<br \/>97762 Hammelburg-Westheim<\/p><p>Registro mercantil: HRA 8260<br \/>Tribunal de registro: Juzgado de Primera Instancia de Schweinfurt<\/p><p><strong>Representado por:<\/strong><br \/>RU Verwaltungs GmbH<br \/>Siemensstrasse 14<br \/>D-63263 Neu-Isenburg<\/p><p>Esto est\u00e1 representado por:<br \/>Jongho Park, Norbert Sauernheimer<\/p><p>Registro mercantil: HRB 51671<br \/>Tribunal de registro: Juzgado de Primera Instancia de Offenbach am Main<\/p><h2>P\u00f3ngase en contacto con nosotros<\/h2><p>Tel\u00e9fono: +49 (0)9732\/788666-0<br \/>Fax: +49 (0)9732\/788666-19<br \/>Correo electr\u00f3nico: runderneuerung@reifen-mueller.com<\/p><h2>N\u00famero de identificaci\u00f3n fiscal<\/h2><p>N\u00famero de identificaci\u00f3n fiscal conforme al art\u00edculo 27 a de la Ley del impuesto sobre el volumen de negocios:<br \/>ES 234468498<\/p><h2>Editorialmente responsable<\/h2><p>Sang Hoon Lee<br \/>Norbert Sauernheimer<br \/>Siemensstrasse 14<br \/>D-63263 Neu-Isenburg<\/p><p>Tel\u00e9fono: +49 (0) 6102 \/ 4318000<br \/>Correo electr\u00f3nico: info@hankookreifen.de<\/p><h2>Resoluci\u00f3n de litigios de consumo\/centro de arbitraje universal<\/h2><p>No estamos dispuestos ni obligados a participar en procedimientos de resoluci\u00f3n de litigios ante una junta arbitral de consumo.<\/p>\t\t\t\t\t\t\t\t<\/div>\n\t\t\t\t<\/div>\n\t\t\t\t<div class=\"elementor-element elementor-element-376612f elementor-widget elementor-widget-text-editor\" data-id=\"376612f\" data-element_type=\"widget\" data-e-type=\"widget\" data-widget_type=\"text-editor.default\">\n\t\t\t\t<div class=\"elementor-widget-container\">\n\t\t\t\t\t\t\t\t\t<h2>Copyright y cr\u00e9ditos de las im\u00e1genes<\/h2><p>Salvo que se indique lo contrario, los contenidos est\u00e1n protegidos por derechos de autor.<br \/>Las fotograf\u00edas utilizadas llevan los cr\u00e9ditos correspondientes o se enumeran a continuaci\u00f3n, a menos que hayan sido tomadas por el autor.<br \/>El uso de fotograf\u00edas en sitios de terceros s\u00f3lo es posible dentro del \u00e1mbito de la licencia respectiva del autor.<\/p><h3>Cr\u00e9ditos de las im\u00e1genes:<\/h3><p>Adobe Stock<br \/>Empleado de almac\u00e9n \u00a9 Kaarsten | fotolia.com<br \/>Cami\u00f3n 9 \u00a9 Thaut Images | fotolia.com<br \/>Red de splits en el parabrisas del tr\u00edplex \u00a9 Andrey Semenov | fotolia.com<br \/>reparaci\u00f3n de autom\u00f3viles - 05 \u00a9 Sudheer Sakthan | fotolia.com<\/p><p>Todas las dem\u00e1s im\u00e1genes proceden del stock de Reifen M\u00fcller GmbH &amp; Co. KG y Reifen M\u00fcller GmbH &amp; Co. Runderneuerungswerk KG o han sido cedidas amablemente por los fabricantes.<\/p><h2>Realizaci\u00f3n t\u00e9cnica<\/h2><p><a href=\"https:\/\/c-g-w.net\/\" target=\"_blank\" rel=\"noopener\">CGW GmbH - Comunicaci\u00f3n de servicio completo<\/a><br \/>Calle Karl-Arnold 8<br \/>47877 Willich<br \/>Alemania<\/p>\t\t\t\t\t\t\t\t<\/div>\n\t\t\t\t<\/div>\n\t\t\t\t\t<\/div>\n\t\t\t\t<\/div>\n\t\t\t\t<\/div>","protected":false},"excerpt":{"rendered":"<p>Reifen M\u00fcller GmbH &amp; Co. Runderneuerungswerk KGFrankenstra\u00dfe 197762 Hammelburg-Westheim Handelsregister: HRA 8260Registergericht: Amtsgericht Schweinfurt Vertreten durch:RU Verwaltungs GmbHSiemensstra\u00dfe 14D-63263 Neu-Isenburg Diese vertreten durch:Jongho Park, Norbert Sauernheimer Handelsregister: HRB 51671Registergericht: Amtsgericht Offenbach am Main Kontakt Telefon: +49 (0)9732\/788666-0Telefax: +49 (0)9732\/788666-19E-Mail: runderneuerung@reifen-mueller.com Umsatzsteuer-ID Umsatzsteuer-Identifikationsnummer gem\u00e4\u00df \u00a7 27 a Umsatzsteuergesetz:DE 234468498 Redaktionell verantwortlich Sang Hoon LeeNorbert SauernheimerSiemensstra\u00dfe 14D-63263 [&hellip;]<\/p>\n","protected":false},"author":1,"featured_media":0,"parent":0,"menu_order":0,"comment_status":"closed","ping_status":"closed","template":"elementor_header_footer","meta":{"footnotes":""},"class_list":["post-47","page","type-page","status-publish","hentry"],"_links":{"self":[{"href":"https:\/\/rm-runderneuert.de\/es\/wp-json\/wp\/v2\/pages\/47","targetHints":{"allow":["GET"]}}],"collection":[{"href":"https:\/\/rm-runderneuert.de\/es\/wp-json\/wp\/v2\/pages"}],"about":[{"href":"https:\/\/rm-runderneuert.de\/es\/wp-json\/wp\/v2\/types\/page"}],"author":[{"embeddable":true,"href":"https:\/\/rm-runderneuert.de\/es\/wp-json\/wp\/v2\/users\/1"}],"replies":[{"embeddable":true,"href":"https:\/\/rm-runderneuert.de\/es\/wp-json\/wp\/v2\/comments?post=47"}],"version-history":[{"count":69,"href":"https:\/\/rm-runderneuert.de\/es\/wp-json\/wp\/v2\/pages\/47\/revisions"}],"predecessor-version":[{"id":2842,"href":"https:\/\/rm-runderneuert.de\/es\/wp-json\/wp\/v2\/pages\/47\/revisions\/2842"}],"wp:attachment":[{"href":"https:\/\/rm-runderneuert.de\/es\/wp-json\/wp\/v2\/media?parent=47"}],"curies":[{"name":"wp","href":"https:\/\/api.w.org\/{rel}","templated":true}]}}