{"id":2152,"date":"2024-10-17T11:38:30","date_gmt":"2024-10-17T09:38:30","guid":{"rendered":"https:\/\/rm-runderneuert.de\/?page_id=2152"},"modified":"2025-06-02T14:12:22","modified_gmt":"2025-06-02T12:12:22","slug":"werksbesichtigung","status":"publish","type":"page","link":"https:\/\/rm-runderneuert.de\/es\/werksbesichtigung\/","title":{"rendered":"Visita a la f\u00e1brica"},"content":{"rendered":"\t\t<div data-elementor-type=\"wp-page\" data-elementor-id=\"2152\" class=\"elementor elementor-2152\" data-elementor-post-type=\"page\">\n\t\t\t\t<div class=\"elementor-element elementor-element-3af7b36 e-con-full e-flex e-con e-parent\" data-id=\"3af7b36\" data-element_type=\"container\" data-e-type=\"container\">\n\t\t\t\t<div class=\"elementor-element elementor-element-73cb0fe elementor-widget elementor-widget-template\" data-id=\"73cb0fe\" data-element_type=\"widget\" data-e-type=\"widget\" data-widget_type=\"template.default\">\n\t\t\t\t<div class=\"elementor-widget-container\">\n\t\t\t\t\t\t\t<div class=\"elementor-template\">\n\t\t\t\t\t<div data-elementor-type=\"container\" data-elementor-id=\"408\" class=\"elementor elementor-408\" data-elementor-post-type=\"elementor_library\">\n\t\t\t\t<div class=\"elementor-element elementor-element-226d66f3 tabledisplay e-flex e-con-boxed e-con e-parent\" data-id=\"226d66f3\" data-element_type=\"container\" data-e-type=\"container\" data-settings=\"{&quot;background_background&quot;:&quot;classic&quot;}\">\n\t\t\t\t\t<div class=\"e-con-inner\">\n\t\t\t\t<div class=\"elementor-element elementor-element-75be6d23 elementor-widget__width-auto rankmath_breadcrumb elementor-widget elementor-widget-shortcode\" data-id=\"75be6d23\" data-element_type=\"widget\" data-e-type=\"widget\" data-widget_type=\"shortcode.default\">\n\t\t\t\t<div class=\"elementor-widget-container\">\n\t\t\t\t\t\t\t<div class=\"elementor-shortcode\"><nav aria-label=\"breadcrumbs\" class=\"rank-math-breadcrumb\"><p><span class=\"last\">Startseite<\/span><\/p><\/nav><\/div>\n\t\t\t\t\t\t<\/div>\n\t\t\t\t<\/div>\n\t\t\t\t<div class=\"elementor-element elementor-element-39f4a196 elementor-widget elementor-widget-heading\" data-id=\"39f4a196\" data-element_type=\"widget\" data-e-type=\"widget\" data-settings=\"{&quot;ep_threed_text_active&quot;:&quot;yes&quot;,&quot;ep_threed_text_layers&quot;:5,&quot;ep_threed_text_perspective&quot;:{&quot;unit&quot;:&quot;px&quot;,&quot;size&quot;:850,&quot;sizes&quot;:[]},&quot;ep_threed_text_event&quot;:&quot;pointer&quot;,&quot;ep_threed_text_event_rotation&quot;:{&quot;unit&quot;:&quot;px&quot;,&quot;size&quot;:15,&quot;sizes&quot;:[]},&quot;ep_threed_text_depth&quot;:{&quot;unit&quot;:&quot;px&quot;,&quot;size&quot;:30,&quot;sizes&quot;:[]},&quot;ep_threed_text_fade&quot;:&quot;yes&quot;,&quot;ep_threed_text_event_direction&quot;:&quot;default&quot;}\" data-widget_type=\"heading.default\">\n\t\t\t\t<div class=\"elementor-widget-container\">\n\t\t\t\t\t<h1 class=\"elementor-heading-title elementor-size-default\">Werksbesichtigung<\/h1>\t\t\t\t<\/div>\n\t\t\t\t<\/div>\n\t\t\t\t\t<\/div>\n\t\t\t\t<\/div>\n\t\t\t\t<\/div>\n\t\t\t\t<\/div>\n\t\t\t\t\t\t<\/div>\n\t\t\t\t<\/div>\n\t\t\t\t<\/div>\n\t\t<div class=\"elementor-element elementor-element-1898157 e-flex e-con-boxed e-con e-parent\" data-id=\"1898157\" data-element_type=\"container\" data-e-type=\"container\" data-settings=\"{&quot;background_background&quot;:&quot;classic&quot;}\">\n\t\t\t\t\t<div class=\"e-con-inner\">\n\t\t\t\t<div class=\"elementor-element elementor-element-6058ca3 elementor-widget__width-inherit elementor-widget elementor-widget-heading\" data-id=\"6058ca3\" data-element_type=\"widget\" data-e-type=\"widget\" data-widget_type=\"heading.default\">\n\t\t\t\t<div class=\"elementor-widget-container\">\n\t\t\t\t\t<h2 class=\"elementor-heading-title elementor-size-default\">Wie werden unsere Reifen eigentlich produziert? <\/h2>\t\t\t\t<\/div>\n\t\t\t\t<\/div>\n\t\t\t\t<div class=\"elementor-element elementor-element-12e3b6d elementor-widget__width-initial e-transform e-transform elementor-widget elementor-widget-image\" data-id=\"12e3b6d\" data-element_type=\"widget\" data-e-type=\"widget\" data-settings=\"{&quot;_transform_rotateZ_effect_hover&quot;:{&quot;unit&quot;:&quot;px&quot;,&quot;size&quot;:-2,&quot;sizes&quot;:[]},&quot;_transform_scale_effect_hover&quot;:{&quot;unit&quot;:&quot;px&quot;,&quot;size&quot;:1.0300000000000000266453525910037569701671600341796875,&quot;sizes&quot;:[]},&quot;_transform_rotateZ_effect_hover_tablet&quot;:{&quot;unit&quot;:&quot;deg&quot;,&quot;size&quot;:&quot;&quot;,&quot;sizes&quot;:[]},&quot;_transform_rotateZ_effect_hover_mobile&quot;:{&quot;unit&quot;:&quot;deg&quot;,&quot;size&quot;:&quot;&quot;,&quot;sizes&quot;:[]},&quot;_transform_scale_effect_hover_tablet&quot;:{&quot;unit&quot;:&quot;px&quot;,&quot;size&quot;:&quot;&quot;,&quot;sizes&quot;:[]},&quot;_transform_scale_effect_hover_mobile&quot;:{&quot;unit&quot;:&quot;px&quot;,&quot;size&quot;:&quot;&quot;,&quot;sizes&quot;:[]}}\" data-widget_type=\"image.default\">\n\t\t\t\t<div class=\"elementor-widget-container\">\n\t\t\t\t\t\t\t\t\t\t\t\t\t\t\t\t<a href=\"https:\/\/rm-runderneuert.de\/wp-content\/uploads\/reifen-mueller-kalterneuerung-luftaufnahme.jpg\" data-elementor-open-lightbox=\"yes\" data-elementor-lightbox-title=\"reifen-mueller-kalterneuerung-luftaufnahme\" data-e-action-hash=\"#elementor-action%3Aaction%3Dlightbox%26settings%3DeyJpZCI6MTI5NywidXJsIjoiaHR0cHM6XC9cL3JtLXJ1bmRlcm5ldWVydC5kZVwvd3AtY29udGVudFwvdXBsb2Fkc1wvcmVpZmVuLW11ZWxsZXIta2FsdGVybmV1ZXJ1bmctbHVmdGF1Zm5haG1lLmpwZyJ9\">\n\t\t\t\t\t\t\t<img fetchpriority=\"high\" decoding=\"async\" width=\"800\" height=\"450\" src=\"https:\/\/rm-runderneuert.de\/wp-content\/uploads\/reifen-mueller-kalterneuerung-luftaufnahme.jpg\" class=\"attachment-large size-large wp-image-1297\" alt=\"\" srcset=\"https:\/\/rm-runderneuert.de\/wp-content\/uploads\/reifen-mueller-kalterneuerung-luftaufnahme.jpg 2000w, https:\/\/rm-runderneuert.de\/wp-content\/uploads\/reifen-mueller-kalterneuerung-luftaufnahme-500x282.jpg 500w, https:\/\/rm-runderneuert.de\/wp-content\/uploads\/reifen-mueller-kalterneuerung-luftaufnahme-150x84.jpg 150w, https:\/\/rm-runderneuert.de\/wp-content\/uploads\/reifen-mueller-kalterneuerung-luftaufnahme-768x432.jpg 768w, https:\/\/rm-runderneuert.de\/wp-content\/uploads\/reifen-mueller-kalterneuerung-luftaufnahme-1536x865.jpg 1536w, https:\/\/rm-runderneuert.de\/wp-content\/uploads\/reifen-mueller-kalterneuerung-luftaufnahme-18x10.jpg 18w\" sizes=\"(max-width: 800px) 100vw, 800px\" \/>\t\t\t\t\t\t\t\t<\/a>\n\t\t\t\t\t\t\t\t\t\t\t\t\t\t\t<\/div>\n\t\t\t\t<\/div>\n\t\t\t\t<div class=\"elementor-element elementor-element-d57a0b4 elementor-widget__width-initial elementor-widget elementor-widget-text-editor\" data-id=\"d57a0b4\" data-element_type=\"widget\" data-e-type=\"widget\" data-widget_type=\"text-editor.default\">\n\t\t\t\t<div class=\"elementor-widget-container\">\n\t\t\t\t\t\t\t\t\t<p>Wir \u00f6ffnen Ihnen unsere Tore und gew\u00e4hren Ihnen einen Blick hinter die Kulissen hinter unsere Produktion. Im Rahmen unserer Werksbesichtigungen erleben Sie unsere Hei\u00df- und Kaltrunderneuerung und k\u00f6nnen sich von der Qualit\u00e4t unserer Produkte live in unserer Produktion \u00fcberzeugen. Selbstverst\u00e4ndlich planen wir ausreichend Zeit f\u00fcr Fragen ein und sorgen f\u00fcr Ihr leibliches Wohl.<\/p>\t\t\t\t\t\t\t\t<\/div>\n\t\t\t\t<\/div>\n\t\t\t\t<div class=\"elementor-element elementor-element-d001a62 elementor-widget elementor-widget-heading\" data-id=\"d001a62\" data-element_type=\"widget\" data-e-type=\"widget\" data-widget_type=\"heading.default\">\n\t\t\t\t<div class=\"elementor-widget-container\">\n\t\t\t\t\t<h6 class=\"elementor-heading-title elementor-size-default\">Die Anzahl der Teilnehmer bei unseren Werksbesichtigungen ist begrenzt. Die Teilnahme ist f\u00fcr Sie kostenfrei.<\/h6>\t\t\t\t<\/div>\n\t\t\t\t<\/div>\n\t\t\t\t<div class=\"elementor-element elementor-element-3fb6bdd elementor-button-align-end elementor-widget__width-initial elementor-widget elementor-widget-form\" data-id=\"3fb6bdd\" data-element_type=\"widget\" data-e-type=\"widget\" data-settings=\"{&quot;step_next_label&quot;:&quot;N\\u00e4chster&quot;,&quot;step_previous_label&quot;:&quot;Voriger&quot;,&quot;button_width&quot;:&quot;100&quot;,&quot;step_type&quot;:&quot;number_text&quot;,&quot;step_icon_shape&quot;:&quot;circle&quot;}\" data-widget_type=\"form.default\">\n\t\t\t\t<div class=\"elementor-widget-container\">\n\t\t\t\t\t\t\t<form class=\"elementor-form\" method=\"post\" name=\"Werksbesichtigung Anfrageformular\" aria-label=\"Werksbesichtigung Anfrageformular\">\n\t\t\t<input type=\"hidden\" name=\"post_id\" value=\"2152\"\/>\n\t\t\t<input type=\"hidden\" name=\"form_id\" value=\"3fb6bdd\"\/>\n\t\t\t<input type=\"hidden\" name=\"referer_title\" value=\"Werksbesichtigung | RM Runderneuert\" \/>\n\n\t\t\t\t\t\t\t<input type=\"hidden\" name=\"queried_id\" value=\"2152\"\/>\n\t\t\t\n\t\t\t<div class=\"elementor-form-fields-wrapper elementor-labels-above\">\n\t\t\t\t\t\t\t\t<div class=\"elementor-field-type-text elementor-field-group elementor-column elementor-field-group-unternehmen elementor-col-50 elementor-field-required elementor-mark-required\">\n\t\t\t\t\t\t\t\t\t\t\t\t<label for=\"form-field-unternehmen\" class=\"elementor-field-label\">\n\t\t\t\t\t\t\t\tName\t\t\t\t\t\t\t<\/label>\n\t\t\t\t\t\t\t\t\t\t\t\t\t\t<input size=\"1\" type=\"text\" name=\"form_fields[unternehmen]\" id=\"form-field-unternehmen\" class=\"elementor-field elementor-size-md  elementor-field-textual\" required=\"required\">\n\t\t\t\t\t\t\t\t\t\t\t<\/div>\n\t\t\t\t\t\t\t\t<div class=\"elementor-field-type-text elementor-field-group elementor-column elementor-field-group-vorname elementor-col-50 elementor-field-required elementor-mark-required\">\n\t\t\t\t\t\t\t\t\t\t\t\t<label for=\"form-field-vorname\" class=\"elementor-field-label\">\n\t\t\t\t\t\t\t\tVorname\t\t\t\t\t\t\t<\/label>\n\t\t\t\t\t\t\t\t\t\t\t\t\t\t<input size=\"1\" type=\"text\" name=\"form_fields[vorname]\" id=\"form-field-vorname\" class=\"elementor-field elementor-size-md  elementor-field-textual\" required=\"required\">\n\t\t\t\t\t\t\t\t\t\t\t<\/div>\n\t\t\t\t\t\t\t\t<div class=\"elementor-field-type-text elementor-field-group elementor-column elementor-field-group-nachname elementor-col-100 elementor-field-required elementor-mark-required\">\n\t\t\t\t\t\t\t\t\t\t\t\t<label for=\"form-field-nachname\" class=\"elementor-field-label\">\n\t\t\t\t\t\t\t\tUnternehmen\t\t\t\t\t\t\t<\/label>\n\t\t\t\t\t\t\t\t\t\t\t\t\t\t<input size=\"1\" type=\"text\" name=\"form_fields[nachname]\" id=\"form-field-nachname\" class=\"elementor-field elementor-size-md  elementor-field-textual\" required=\"required\">\n\t\t\t\t\t\t\t\t\t\t\t<\/div>\n\t\t\t\t\t\t\t\t<div class=\"elementor-field-type-email elementor-field-group elementor-column elementor-field-group-email elementor-col-100 elementor-field-required elementor-mark-required\">\n\t\t\t\t\t\t\t\t\t\t\t\t<label for=\"form-field-email\" class=\"elementor-field-label\">\n\t\t\t\t\t\t\t\tE-Mail\t\t\t\t\t\t\t<\/label>\n\t\t\t\t\t\t\t\t\t\t\t\t\t\t<input size=\"1\" type=\"email\" name=\"form_fields[email]\" id=\"form-field-email\" class=\"elementor-field elementor-size-md  elementor-field-textual\" required=\"required\">\n\t\t\t\t\t\t\t\t\t\t\t<\/div>\n\t\t\t\t\t\t\t\t<div class=\"elementor-field-type-tel elementor-field-group elementor-column elementor-field-group-message elementor-col-100 elementor-field-required elementor-mark-required\">\n\t\t\t\t\t\t\t\t\t\t\t\t<label for=\"form-field-message\" class=\"elementor-field-label\">\n\t\t\t\t\t\t\t\tTelefon\t\t\t\t\t\t\t<\/label>\n\t\t\t\t\t\t\t\t<input size=\"1\" type=\"tel\" name=\"form_fields[message]\" id=\"form-field-message\" class=\"elementor-field elementor-size-md  elementor-field-textual\" required=\"required\" pattern=\"[0-9()#&amp;+*-=.]+\" title=\"Sono accettati solo numeri e caratteri telefonici (#, -, *, ecc.).\">\n\n\t\t\t\t\t\t<\/div>\n\t\t\t\t\t\t\t\t<div class=\"elementor-field-type-recaptcha_v3 elementor-field-group elementor-column elementor-field-group-field_e337e8c elementor-col-100 recaptcha_v3-inline\">\n\t\t\t\t\t<div class=\"elementor-field\" id=\"form-field-field_e337e8c\"><div class=\"elementor-g-recaptcha\" data-sitekey=\"6LeKe-QpAAAAAFqYi-kg1EPhYDmg7H17Qq0xqxW_\" data-type=\"v3\" data-action=\"Form\" data-badge=\"inline\" data-size=\"invisible\"><\/div><\/div>\t\t\t\t<\/div>\n\t\t\t\t\t\t\t\t<div class=\"elementor-field-type-acceptance elementor-field-group elementor-column elementor-field-group-field_9bb4e6f elementor-col-100 elementor-field-required elementor-mark-required\">\n\t\t\t\t\t\t\t\t\t\t\t\t<label for=\"form-field-field_9bb4e6f\" class=\"elementor-field-label\">\n\t\t\t\t\t\t\t\tDatenschutz\t\t\t\t\t\t\t<\/label>\n\t\t\t\t\t\t\t\t<div class=\"elementor-field-subgroup\">\n\t\t\t<span class=\"elementor-field-option\">\n\t\t\t\t<input type=\"checkbox\" name=\"form_fields[field_9bb4e6f]\" id=\"form-field-field_9bb4e6f\" class=\"elementor-field elementor-size-md  elementor-acceptance-field\" required=\"required\">\n\t\t\t\t<label for=\"form-field-field_9bb4e6f\">Ich habe die <a href=\"https:\/\/rm-runderneuert.de\/datenschutzerklaerung\/\">Datenschutzerkl\u00e4rung<\/a> gelesen und akzeptiere die Bestimmungen.<\/label>\t\t\t<\/span>\n\t\t<\/div>\n\t\t\t\t\t\t<\/div>\n\t\t\t\t\t\t\t\t<div class=\"elementor-field-group elementor-column elementor-field-type-submit elementor-col-100 e-form__buttons\">\n\t\t\t\t\t<button class=\"elementor-button elementor-size-md\" type=\"submit\">\n\t\t\t\t\t\t<span class=\"elementor-button-content-wrapper\">\n\t\t\t\t\t\t\t\t\t\t\t\t\t\t\t\t\t\t\t\t\t\t<span class=\"elementor-button-text\">Verbindlich anmelden<\/span>\n\t\t\t\t\t\t\t\t\t\t\t\t\t<\/span>\n\t\t\t\t\t<\/button>\n\t\t\t\t<\/div>\n\t\t\t<\/div>\n\t\t<\/form>\n\t\t\t\t\t\t<\/div>\n\t\t\t\t<\/div>\n\t\t\t\t<div class=\"elementor-element elementor-element-f0b5b82 elementor-align-center elementor-widget__width-inherit elementor-icon-list--layout-traditional elementor-list-item-link-full_width elementor-widget elementor-widget-icon-list\" data-id=\"f0b5b82\" data-element_type=\"widget\" data-e-type=\"widget\" data-widget_type=\"icon-list.default\">\n\t\t\t\t<div class=\"elementor-widget-container\">\n\t\t\t\t\t\t\t<ul class=\"elementor-icon-list-items\">\n\t\t\t\t\t\t\t<li class=\"elementor-icon-list-item\">\n\t\t\t\t\t\t\t\t\t\t\t<span class=\"elementor-icon-list-icon\">\n\t\t\t\t\t\t\t<i aria-hidden=\"true\" class=\"fas fa-lock\"><\/i>\t\t\t\t\t\t<\/span>\n\t\t\t\t\t\t\t\t\t\t<span class=\"elementor-icon-list-text\">Ihre Daten werden sicher verschl\u00fcsselt \u00fcbertragen und vertraulich behandelt.<\/span>\n\t\t\t\t\t\t\t\t\t<\/li>\n\t\t\t\t\t\t<\/ul>\n\t\t\t\t\t\t<\/div>\n\t\t\t\t<\/div>\n\t\t\t\t<div class=\"elementor-element elementor-element-f107106 elementor-widget elementor-widget-text-editor\" data-id=\"f107106\" data-element_type=\"widget\" data-e-type=\"widget\" data-widget_type=\"text-editor.default\">\n\t\t\t\t<div class=\"elementor-widget-container\">\n\t\t\t\t\t\t\t\t\t<strong>Hinweis:<\/strong>\u00a0Das Pflichtfeld ist gekennzeichnet. Alle weiteren Felder sind freiwillige Angaben. Ihre Daten werden nur streng zweckgebunden zur Bearbeitung und Beantwortung Ihrer Anfrage elektronisch erhoben und gespeichert. Informationen zu der Datenverarbeitung finden Sie hier:\u00a0<a href=\"https:\/\/rm-runderneuert.de\/datenschutzerklaerung\/\">Datenschutz<\/a>.\t\t\t\t\t\t\t\t<\/div>\n\t\t\t\t<\/div>\n\t\t\t\t\t<\/div>\n\t\t\t\t<\/div>\n\t\t\t\t<\/div>\n\t\t","protected":false},"excerpt":{"rendered":"<p>Wie werden unsere Reifen eigentlich produziert? Wir \u00f6ffnen Ihnen unsere Tore und gew\u00e4hren Ihnen einen Blick hinter die Kulissen hinter unsere Produktion. Im Rahmen unserer Werksbesichtigungen erleben Sie unsere Hei\u00df- und Kaltrunderneuerung und k\u00f6nnen sich von der Qualit\u00e4t unserer Produkte live in unserer Produktion \u00fcberzeugen. Selbstverst\u00e4ndlich planen wir ausreichend Zeit f\u00fcr Fragen ein und sorgen [&hellip;]<\/p>\n","protected":false},"author":1,"featured_media":0,"parent":0,"menu_order":0,"comment_status":"closed","ping_status":"closed","template":"elementor_header_footer","meta":{"footnotes":""},"class_list":["post-2152","page","type-page","status-publish","hentry"],"_links":{"self":[{"href":"https:\/\/rm-runderneuert.de\/es\/wp-json\/wp\/v2\/pages\/2152","targetHints":{"allow":["GET"]}}],"collection":[{"href":"https:\/\/rm-runderneuert.de\/es\/wp-json\/wp\/v2\/pages"}],"about":[{"href":"https:\/\/rm-runderneuert.de\/es\/wp-json\/wp\/v2\/types\/page"}],"author":[{"embeddable":true,"href":"https:\/\/rm-runderneuert.de\/es\/wp-json\/wp\/v2\/users\/1"}],"replies":[{"embeddable":true,"href":"https:\/\/rm-runderneuert.de\/es\/wp-json\/wp\/v2\/comments?post=2152"}],"version-history":[{"count":89,"href":"https:\/\/rm-runderneuert.de\/es\/wp-json\/wp\/v2\/pages\/2152\/revisions"}],"predecessor-version":[{"id":2653,"href":"https:\/\/rm-runderneuert.de\/es\/wp-json\/wp\/v2\/pages\/2152\/revisions\/2653"}],"wp:attachment":[{"href":"https:\/\/rm-runderneuert.de\/es\/wp-json\/wp\/v2\/media?parent=2152"}],"curies":[{"name":"wp","href":"https:\/\/api.w.org\/{rel}","templated":true}]}}